{"id":1683,"date":"2022-07-15T14:59:35","date_gmt":"2022-07-15T14:59:35","guid":{"rendered":"https:\/\/percursos.cm-tavira.pt.144-91-91-53.www4.unykhost.com\/introduccion\/"},"modified":"2022-10-20T13:49:36","modified_gmt":"2022-10-20T13:49:36","slug":"introduccion","status":"publish","type":"page","link":"https:\/\/conhecer.cm-tavira.pt\/es\/introduccion\/","title":{"rendered":"Introducci\u00f3n"},"content":{"rendered":"\t\t<div data-elementor-type=\"wp-page\" data-elementor-id=\"1683\" class=\"elementor elementor-1683 elementor-340\" data-elementor-post-type=\"page\">\n\t\t\t\t\t\t<section class=\"elementor-section elementor-top-section elementor-element elementor-element-c588eff elementor-section-boxed elementor-section-height-default elementor-section-height-default\" data-id=\"c588eff\" data-element_type=\"section\">\n\t\t\t\t\t\t<div class=\"elementor-container elementor-column-gap-default\">\n\t\t\t\t\t<div class=\"elementor-column elementor-col-100 elementor-top-column elementor-element elementor-element-70e38e2\" data-id=\"70e38e2\" data-element_type=\"column\">\n\t\t\t<div class=\"elementor-widget-wrap elementor-element-populated\">\n\t\t\t\t\t\t<div class=\"elementor-element elementor-element-2735e43 elementor-widget elementor-widget-text-editor\" data-id=\"2735e43\" data-element_type=\"widget\" data-widget_type=\"text-editor.default\">\n\t\t\t\t<div class=\"elementor-widget-container\">\n\t\t\t<style>\/*! elementor - v3.19.0 - 07-02-2024 *\/\n.elementor-widget-text-editor.elementor-drop-cap-view-stacked .elementor-drop-cap{background-color:#69727d;color:#fff}.elementor-widget-text-editor.elementor-drop-cap-view-framed .elementor-drop-cap{color:#69727d;border:3px solid;background-color:transparent}.elementor-widget-text-editor:not(.elementor-drop-cap-view-default) .elementor-drop-cap{margin-top:8px}.elementor-widget-text-editor:not(.elementor-drop-cap-view-default) .elementor-drop-cap-letter{width:1em;height:1em}.elementor-widget-text-editor .elementor-drop-cap{float:left;text-align:center;line-height:1;font-size:50px}.elementor-widget-text-editor .elementor-drop-cap-letter{display:inline-block}<\/style>\t\t\t\t<p>El municipio de Tavira ocupa una superficie de 607 km2, de los cuales un 80% son sierra y <em>barrocal<\/em>. El litoral presenta una extensi\u00f3n de 18 kil\u00f3metros de playas de arena fina situadas en pleno Parque Natural de Ria Formosa, una zona protegida de elevado valor medioambiental. Los algarrobos, los almendros, los madro\u00f1os y las plantaciones de c\u00edtricos decoran el paisaje del <em>barrocal <\/em>y de la sierra. Casas de dise\u00f1o tradicional, casas circulares conocidas vulgarmente como <em>palheiros<\/em>, hornos de le\u00f1a y molinos completan el panorama. La historia de Tavira se pierde en el tiempo. Las excavaciones realizadas en la llamada \u00abcolina gen\u00e9tica\u00bb demuestran la presencia fenicia y de otros pueblos antiguos. Tambi\u00e9n la ocupaci\u00f3n musulmana dej\u00f3 sus marcas en la agricultura, la cultura y el urbanismo de la ciudad. Debido a su importancia estrat\u00e9gica, Tavira era en el siglo XVI el principal puerto comercial y n\u00facleo de poblaci\u00f3n del Algarve. Recibi\u00f3 el rango de ciudad en 1520. Tavira es una ciudad con muchas iglesias, conventos, ermitas, capillas y rincones llenos de encanto. Est\u00e1 atravesada por las aguas del r\u00edo Gil\u00e3o\/S\u00e9qua, y permite viajar en el tiempo con la tranquilidad de disfrutar de un clima siempre templado.<\/p>\n<p>Tavira cuenta con un gran patrimonio. Es muy importante valorar y conservar las tradiciones. La influencia mediterr\u00e1nea se deja sentir en el clima, la econom\u00eda, la cultura y el estilo de vida caracter\u00edstico de la dieta mediterr\u00e1nea, considerada Patrimonio cultural inmaterial de la Humanidad por la UNESCO desde 2013. En la actualidad, en Tavira se respira la historia milenaria de diferentes pueblos, y por eso le invitamos a descubrir una de las ciudades m\u00e1s hermosas de la regi\u00f3n. Conozca nuestra historia, nuestra cultura, nuestros paisajes, nuestro patrimonio y nuestro singular estilo de vida. Aproveche su estancia para explorar y disfrutar de los recorridos que hemos dise\u00f1ado para usted.<\/p>\n\t\t\t\t\t\t<\/div>\n\t\t\t\t<\/div>\n\t\t\t\t\t<\/div>\n\t\t<\/div>\n\t\t\t\t\t<\/div>\n\t\t<\/section>\n\t\t\t\t<\/div>\n\t\t","protected":false},"excerpt":{"rendered":"<p>El municipio de Tavira ocupa una superficie de 607 km2, de los cuales un 80% son sierra y barrocal. El litoral presenta una extensi\u00f3n de 18 kil\u00f3metros de playas de arena fina situadas en pleno Parque Natural de Ria Formosa, una zona protegida de elevado valor medioambiental. Los algarrobos, los almendros, los madro\u00f1os y las [&hellip;]<\/p>\n","protected":false},"author":9,"featured_media":0,"parent":0,"menu_order":0,"comment_status":"closed","ping_status":"closed","template":"","meta":{"_acf_changed":false,"footnotes":""},"class_list":["post-1683","page","type-page","status-publish","hentry"],"acf":[],"yoast_head":"<!-- This site is optimized with the Yoast SEO plugin v24.7 - https:\/\/yoast.com\/wordpress\/plugins\/seo\/ -->\n<title>Introducci\u00f3n - Percursos Digitais Tavira<\/title>\n<meta name=\"robots\" content=\"noindex, follow, max-snippet:-1, max-image-preview:large, max-video-preview:-1\" \/>\n<meta property=\"og:locale\" content=\"es_ES\" \/>\n<meta property=\"og:type\" content=\"article\" \/>\n<meta property=\"og:title\" content=\"Introducci\u00f3n - Percursos Digitais Tavira\" \/>\n<meta property=\"og:description\" content=\"El municipio de Tavira ocupa una superficie de 607 km2, de los cuales un 80% son sierra y barrocal. El litoral presenta una extensi\u00f3n de 18 kil\u00f3metros de playas de arena fina situadas en pleno Parque Natural de Ria Formosa, una zona protegida de elevado valor medioambiental. Los algarrobos, los almendros, los madro\u00f1os y las [&hellip;]\" \/>\n<meta property=\"og:url\" content=\"https:\/\/conhecer.cm-tavira.pt\/introducao\/\" \/>\n<meta property=\"og:site_name\" content=\"Percursos Digitais Tavira\" \/>\n<meta property=\"article:modified_time\" content=\"2022-10-20T13:49:36+00:00\" \/>\n<meta name=\"twitter:card\" content=\"summary_large_image\" \/>\n<meta name=\"twitter:label1\" content=\"Tiempo de lectura\" \/>\n\t<meta name=\"twitter:data1\" content=\"2 minutos\" \/>\n<script type=\"application\/ld+json\" class=\"yoast-schema-graph\">{\"@context\":\"https:\/\/schema.org\",\"@graph\":[{\"@type\":\"WebPage\",\"@id\":\"https:\/\/conhecer.cm-tavira.pt\/introducao\/\",\"url\":\"https:\/\/conhecer.cm-tavira.pt\/introducao\/\",\"name\":\"Introducci\u00f3n - Percursos Digitais Tavira\",\"isPartOf\":{\"@id\":\"https:\/\/conhecer.cm-tavira.pt\/#website\"},\"datePublished\":\"2022-07-15T14:59:35+00:00\",\"dateModified\":\"2022-10-20T13:49:36+00:00\",\"breadcrumb\":{\"@id\":\"https:\/\/conhecer.cm-tavira.pt\/introducao\/#breadcrumb\"},\"inLanguage\":\"es\",\"potentialAction\":[{\"@type\":\"ReadAction\",\"target\":[\"https:\/\/conhecer.cm-tavira.pt\/introducao\/\"]}]},{\"@type\":\"BreadcrumbList\",\"@id\":\"https:\/\/conhecer.cm-tavira.pt\/introducao\/#breadcrumb\",\"itemListElement\":[{\"@type\":\"ListItem\",\"position\":1,\"name\":\"Home\",\"item\":\"https:\/\/conhecer.cm-tavira.pt\/\"},{\"@type\":\"ListItem\",\"position\":2,\"name\":\"Introducci\u00f3n\"}]},{\"@type\":\"WebSite\",\"@id\":\"https:\/\/conhecer.cm-tavira.pt\/#website\",\"url\":\"https:\/\/conhecer.cm-tavira.pt\/\",\"name\":\"Percursos Digitais Tavira\",\"description\":\"Percursos Digitais Tavira\",\"publisher\":{\"@id\":\"https:\/\/conhecer.cm-tavira.pt\/#organization\"},\"potentialAction\":[{\"@type\":\"SearchAction\",\"target\":{\"@type\":\"EntryPoint\",\"urlTemplate\":\"https:\/\/conhecer.cm-tavira.pt\/?s={search_term_string}\"},\"query-input\":{\"@type\":\"PropertyValueSpecification\",\"valueRequired\":true,\"valueName\":\"search_term_string\"}}],\"inLanguage\":\"es\"},{\"@type\":\"Organization\",\"@id\":\"https:\/\/conhecer.cm-tavira.pt\/#organization\",\"name\":\"Percursos Digitais Tavira\",\"url\":\"https:\/\/conhecer.cm-tavira.pt\/\",\"logo\":{\"@type\":\"ImageObject\",\"inLanguage\":\"es\",\"@id\":\"https:\/\/conhecer.cm-tavira.pt\/#\/schema\/logo\/image\/\",\"url\":\"https:\/\/conhecer.cm-tavira.pt\/wp-content\/uploads\/2021\/11\/logo.svg\",\"contentUrl\":\"https:\/\/conhecer.cm-tavira.pt\/wp-content\/uploads\/2021\/11\/logo.svg\",\"caption\":\"Percursos Digitais Tavira\"},\"image\":{\"@id\":\"https:\/\/conhecer.cm-tavira.pt\/#\/schema\/logo\/image\/\"}}]}<\/script>\n<!-- \/ Yoast SEO plugin. -->","yoast_head_json":{"title":"Introducci\u00f3n - Percursos Digitais Tavira","robots":{"index":"noindex","follow":"follow","max-snippet":"max-snippet:-1","max-image-preview":"max-image-preview:large","max-video-preview":"max-video-preview:-1"},"og_locale":"es_ES","og_type":"article","og_title":"Introducci\u00f3n - Percursos Digitais Tavira","og_description":"El municipio de Tavira ocupa una superficie de 607 km2, de los cuales un 80% son sierra y barrocal. El litoral presenta una extensi\u00f3n de 18 kil\u00f3metros de playas de arena fina situadas en pleno Parque Natural de Ria Formosa, una zona protegida de elevado valor medioambiental. Los algarrobos, los almendros, los madro\u00f1os y las [&hellip;]","og_url":"https:\/\/conhecer.cm-tavira.pt\/introducao\/","og_site_name":"Percursos Digitais Tavira","article_modified_time":"2022-10-20T13:49:36+00:00","twitter_card":"summary_large_image","twitter_misc":{"Tiempo de lectura":"2 minutos"},"schema":{"@context":"https:\/\/schema.org","@graph":[{"@type":"WebPage","@id":"https:\/\/conhecer.cm-tavira.pt\/introducao\/","url":"https:\/\/conhecer.cm-tavira.pt\/introducao\/","name":"Introducci\u00f3n - Percursos Digitais Tavira","isPartOf":{"@id":"https:\/\/conhecer.cm-tavira.pt\/#website"},"datePublished":"2022-07-15T14:59:35+00:00","dateModified":"2022-10-20T13:49:36+00:00","breadcrumb":{"@id":"https:\/\/conhecer.cm-tavira.pt\/introducao\/#breadcrumb"},"inLanguage":"es","potentialAction":[{"@type":"ReadAction","target":["https:\/\/conhecer.cm-tavira.pt\/introducao\/"]}]},{"@type":"BreadcrumbList","@id":"https:\/\/conhecer.cm-tavira.pt\/introducao\/#breadcrumb","itemListElement":[{"@type":"ListItem","position":1,"name":"Home","item":"https:\/\/conhecer.cm-tavira.pt\/"},{"@type":"ListItem","position":2,"name":"Introducci\u00f3n"}]},{"@type":"WebSite","@id":"https:\/\/conhecer.cm-tavira.pt\/#website","url":"https:\/\/conhecer.cm-tavira.pt\/","name":"Percursos Digitais Tavira","description":"Percursos Digitais Tavira","publisher":{"@id":"https:\/\/conhecer.cm-tavira.pt\/#organization"},"potentialAction":[{"@type":"SearchAction","target":{"@type":"EntryPoint","urlTemplate":"https:\/\/conhecer.cm-tavira.pt\/?s={search_term_string}"},"query-input":{"@type":"PropertyValueSpecification","valueRequired":true,"valueName":"search_term_string"}}],"inLanguage":"es"},{"@type":"Organization","@id":"https:\/\/conhecer.cm-tavira.pt\/#organization","name":"Percursos Digitais Tavira","url":"https:\/\/conhecer.cm-tavira.pt\/","logo":{"@type":"ImageObject","inLanguage":"es","@id":"https:\/\/conhecer.cm-tavira.pt\/#\/schema\/logo\/image\/","url":"https:\/\/conhecer.cm-tavira.pt\/wp-content\/uploads\/2021\/11\/logo.svg","contentUrl":"https:\/\/conhecer.cm-tavira.pt\/wp-content\/uploads\/2021\/11\/logo.svg","caption":"Percursos Digitais Tavira"},"image":{"@id":"https:\/\/conhecer.cm-tavira.pt\/#\/schema\/logo\/image\/"}}]}},"_links":{"self":[{"href":"https:\/\/conhecer.cm-tavira.pt\/es\/wp-json\/wp\/v2\/pages\/1683","targetHints":{"allow":["GET"]}}],"collection":[{"href":"https:\/\/conhecer.cm-tavira.pt\/es\/wp-json\/wp\/v2\/pages"}],"about":[{"href":"https:\/\/conhecer.cm-tavira.pt\/es\/wp-json\/wp\/v2\/types\/page"}],"author":[{"embeddable":true,"href":"https:\/\/conhecer.cm-tavira.pt\/es\/wp-json\/wp\/v2\/users\/9"}],"replies":[{"embeddable":true,"href":"https:\/\/conhecer.cm-tavira.pt\/es\/wp-json\/wp\/v2\/comments?post=1683"}],"version-history":[{"count":1,"href":"https:\/\/conhecer.cm-tavira.pt\/es\/wp-json\/wp\/v2\/pages\/1683\/revisions"}],"predecessor-version":[{"id":1684,"href":"https:\/\/conhecer.cm-tavira.pt\/es\/wp-json\/wp\/v2\/pages\/1683\/revisions\/1684"}],"wp:attachment":[{"href":"https:\/\/conhecer.cm-tavira.pt\/es\/wp-json\/wp\/v2\/media?parent=1683"}],"curies":[{"name":"wp","href":"https:\/\/api.w.org\/{rel}","templated":true}]}}