{"id":1673,"date":"2022-07-15T15:02:26","date_gmt":"2022-07-15T15:02:26","guid":{"rendered":"https:\/\/percursos.cm-tavira.pt.144-91-91-53.www4.unykhost.com\/conseils-suggestions-avant-de-partir\/"},"modified":"2022-10-20T13:44:17","modified_gmt":"2022-10-20T13:44:17","slug":"conseils-suggestions-avant-de-partir","status":"publish","type":"page","link":"https:\/\/conhecer.cm-tavira.pt\/fr\/conseils-suggestions-avant-de-partir\/","title":{"rendered":"Conseils avant de partir"},"content":{"rendered":"\t\t<div data-elementor-type=\"wp-page\" data-elementor-id=\"1673\" class=\"elementor elementor-1673 elementor-345\" data-elementor-post-type=\"page\">\n\t\t\t\t\t\t<section class=\"elementor-section elementor-top-section elementor-element elementor-element-c588eff elementor-section-boxed elementor-section-height-default elementor-section-height-default\" data-id=\"c588eff\" data-element_type=\"section\">\n\t\t\t\t\t\t<div class=\"elementor-container elementor-column-gap-default\">\n\t\t\t\t\t<div class=\"elementor-column elementor-col-100 elementor-top-column elementor-element elementor-element-70e38e2\" data-id=\"70e38e2\" data-element_type=\"column\">\n\t\t\t<div class=\"elementor-widget-wrap elementor-element-populated\">\n\t\t\t\t\t\t<div class=\"elementor-element elementor-element-2735e43 elementor-widget elementor-widget-text-editor\" data-id=\"2735e43\" data-element_type=\"widget\" data-widget_type=\"text-editor.default\">\n\t\t\t\t<div class=\"elementor-widget-container\">\n\t\t\t<style>\/*! elementor - v3.19.0 - 07-02-2024 *\/\n.elementor-widget-text-editor.elementor-drop-cap-view-stacked .elementor-drop-cap{background-color:#69727d;color:#fff}.elementor-widget-text-editor.elementor-drop-cap-view-framed .elementor-drop-cap{color:#69727d;border:3px solid;background-color:transparent}.elementor-widget-text-editor:not(.elementor-drop-cap-view-default) .elementor-drop-cap{margin-top:8px}.elementor-widget-text-editor:not(.elementor-drop-cap-view-default) .elementor-drop-cap-letter{width:1em;height:1em}.elementor-widget-text-editor .elementor-drop-cap{float:left;text-align:center;line-height:1;font-size:50px}.elementor-widget-text-editor .elementor-drop-cap-letter{display:inline-block}<\/style>\t\t\t\t<p><strong>\u00c9quipement et v\u00eatements \u00e0 emporter <\/strong><\/p>\n<ul>\n<li>Chapeau, lunettes de soleil, cr\u00e8me solaire, v\u00eatements et chaussures appropri\u00e9s.<\/li>\n<li>Trousse de premier secours, boussole, GPS, couteau suisse, lampe de poche, portable (bien que le r\u00e9seau ne soit pas disponible sur quelques zones de l\u2019int\u00e9rieur des terres) et guide des parcours.<\/li>\n<li>Appareil photo, jumelles et\/ou loupe.<\/li>\n<li>Eau, repas l\u00e9gers, barres \u00e9nerg\u00e9tiques<\/li>\n<\/ul>\n<p><strong>\u00a0<\/strong><\/p>\n<p><strong>Autres conseils <\/strong><\/p>\n<ul>\n<li>Tenez-vous inform\u00e9 de la m\u00e9t\u00e9o.<\/li>\n<li>Confirmez l\u2019heure de d\u00e9part, en v\u00e9rifiant qu\u2019il vous sera possible d\u2019achever le parcours avant la tomb\u00e9e de la nuit.<\/li>\n<li>En ce qui concerne les parcours qui se trouvent en zone de chasse, soyez vigilant \u00e0 la saison de chasse (pour plus d\u2019informations, consultez http:\/\/www2.icnf.pt\/portal\/caca).<\/li>\n<li>Ne partez jamais seul sur un parcours et suivez toujours les chemins balis\u00e9s.<\/li>\n<li>Lorsque vous traversez des localit\u00e9s et des zones cultiv\u00e9es, veuillez respecter les coutumes, les traditions et les biens.<\/li>\n<li>Veuillez respecter les normes en vigueur dans les zones prot\u00e9g\u00e9es.<\/li>\n<li>Pour des questions de s\u00e9curit\u00e9, ne circulez jamais dans les dunes.<\/li>\n<li>Veuillez ne pas cueillir de plantes, pr\u00e9lever des pierres, ou perturber les animaux. Si vous rencontrez un animal, ne courez pas et Il est interdit d\u2019allumer des feux.<\/li>\n<li>N\u2019allumez pas de feux.<\/li>\n<li>N\u2019abandonnez pas de d\u00e9chets, quels qu\u2019ils soient. Placez les d\u00e9chets dans un sac et d\u00e9posez celui-ci dans un lieu o\u00f9 un service de collecte des d\u00e9chets est pr\u00e9vu.<\/li>\n<\/ul>\n\t\t\t\t\t\t<\/div>\n\t\t\t\t<\/div>\n\t\t\t\t\t<\/div>\n\t\t<\/div>\n\t\t\t\t\t<\/div>\n\t\t<\/section>\n\t\t\t\t<\/div>\n\t\t","protected":false},"excerpt":{"rendered":"<p>\u00c9quipement et v\u00eatements \u00e0 emporter Chapeau, lunettes de soleil, cr\u00e8me solaire, v\u00eatements et chaussures appropri\u00e9s. Trousse de premier secours, boussole, GPS, couteau suisse, lampe de poche, portable (bien que le r\u00e9seau ne soit pas disponible sur quelques zones de l\u2019int\u00e9rieur des terres) et guide des parcours. Appareil photo, jumelles et\/ou loupe. Eau, repas l\u00e9gers, barres [&hellip;]<\/p>\n","protected":false},"author":9,"featured_media":0,"parent":0,"menu_order":0,"comment_status":"closed","ping_status":"closed","template":"","meta":{"_acf_changed":false,"footnotes":""},"class_list":["post-1673","page","type-page","status-publish","hentry"],"acf":[],"yoast_head":"<!-- This site is optimized with the Yoast SEO plugin v24.7 - https:\/\/yoast.com\/wordpress\/plugins\/seo\/ -->\n<title>Conseils avant de partir - Percursos Digitais Tavira<\/title>\n<meta name=\"robots\" content=\"noindex, follow, max-snippet:-1, max-image-preview:large, max-video-preview:-1\" \/>\n<meta property=\"og:locale\" content=\"fr_FR\" \/>\n<meta property=\"og:type\" content=\"article\" \/>\n<meta property=\"og:title\" content=\"Conseils avant de partir - Percursos Digitais Tavira\" \/>\n<meta property=\"og:description\" content=\"\u00c9quipement et v\u00eatements \u00e0 emporter Chapeau, lunettes de soleil, cr\u00e8me solaire, v\u00eatements et chaussures appropri\u00e9s. Trousse de premier secours, boussole, GPS, couteau suisse, lampe de poche, portable (bien que le r\u00e9seau ne soit pas disponible sur quelques zones de l\u2019int\u00e9rieur des terres) et guide des parcours. Appareil photo, jumelles et\/ou loupe. Eau, repas l\u00e9gers, barres [&hellip;]\" \/>\n<meta property=\"og:url\" content=\"https:\/\/conhecer.cm-tavira.pt\/conselhos-antes-de-partir\/\" \/>\n<meta property=\"og:site_name\" content=\"Percursos Digitais Tavira\" \/>\n<meta property=\"article:modified_time\" content=\"2022-10-20T13:44:17+00:00\" \/>\n<meta name=\"twitter:card\" content=\"summary_large_image\" \/>\n<meta name=\"twitter:label1\" content=\"Dur\u00e9e de lecture estim\u00e9e\" \/>\n\t<meta name=\"twitter:data1\" content=\"1 minute\" \/>\n<script type=\"application\/ld+json\" class=\"yoast-schema-graph\">{\"@context\":\"https:\/\/schema.org\",\"@graph\":[{\"@type\":\"WebPage\",\"@id\":\"https:\/\/conhecer.cm-tavira.pt\/conselhos-antes-de-partir\/\",\"url\":\"https:\/\/conhecer.cm-tavira.pt\/conselhos-antes-de-partir\/\",\"name\":\"Conseils avant de partir - Percursos Digitais Tavira\",\"isPartOf\":{\"@id\":\"https:\/\/conhecer.cm-tavira.pt\/#website\"},\"datePublished\":\"2022-07-15T15:02:26+00:00\",\"dateModified\":\"2022-10-20T13:44:17+00:00\",\"breadcrumb\":{\"@id\":\"https:\/\/conhecer.cm-tavira.pt\/conselhos-antes-de-partir\/#breadcrumb\"},\"inLanguage\":\"fr-FR\",\"potentialAction\":[{\"@type\":\"ReadAction\",\"target\":[\"https:\/\/conhecer.cm-tavira.pt\/conselhos-antes-de-partir\/\"]}]},{\"@type\":\"BreadcrumbList\",\"@id\":\"https:\/\/conhecer.cm-tavira.pt\/conselhos-antes-de-partir\/#breadcrumb\",\"itemListElement\":[{\"@type\":\"ListItem\",\"position\":1,\"name\":\"Home\",\"item\":\"https:\/\/conhecer.cm-tavira.pt\/fr\/\"},{\"@type\":\"ListItem\",\"position\":2,\"name\":\"Conseils avant de partir\"}]},{\"@type\":\"WebSite\",\"@id\":\"https:\/\/conhecer.cm-tavira.pt\/#website\",\"url\":\"https:\/\/conhecer.cm-tavira.pt\/\",\"name\":\"Percursos Digitais Tavira\",\"description\":\"Percursos Digitais Tavira\",\"publisher\":{\"@id\":\"https:\/\/conhecer.cm-tavira.pt\/#organization\"},\"potentialAction\":[{\"@type\":\"SearchAction\",\"target\":{\"@type\":\"EntryPoint\",\"urlTemplate\":\"https:\/\/conhecer.cm-tavira.pt\/?s={search_term_string}\"},\"query-input\":{\"@type\":\"PropertyValueSpecification\",\"valueRequired\":true,\"valueName\":\"search_term_string\"}}],\"inLanguage\":\"fr-FR\"},{\"@type\":\"Organization\",\"@id\":\"https:\/\/conhecer.cm-tavira.pt\/#organization\",\"name\":\"Percursos Digitais Tavira\",\"url\":\"https:\/\/conhecer.cm-tavira.pt\/\",\"logo\":{\"@type\":\"ImageObject\",\"inLanguage\":\"fr-FR\",\"@id\":\"https:\/\/conhecer.cm-tavira.pt\/#\/schema\/logo\/image\/\",\"url\":\"https:\/\/conhecer.cm-tavira.pt\/wp-content\/uploads\/2021\/11\/logo.svg\",\"contentUrl\":\"https:\/\/conhecer.cm-tavira.pt\/wp-content\/uploads\/2021\/11\/logo.svg\",\"caption\":\"Percursos Digitais Tavira\"},\"image\":{\"@id\":\"https:\/\/conhecer.cm-tavira.pt\/#\/schema\/logo\/image\/\"}}]}<\/script>\n<!-- \/ Yoast SEO plugin. -->","yoast_head_json":{"title":"Conseils avant de partir - Percursos Digitais Tavira","robots":{"index":"noindex","follow":"follow","max-snippet":"max-snippet:-1","max-image-preview":"max-image-preview:large","max-video-preview":"max-video-preview:-1"},"og_locale":"fr_FR","og_type":"article","og_title":"Conseils avant de partir - Percursos Digitais Tavira","og_description":"\u00c9quipement et v\u00eatements \u00e0 emporter Chapeau, lunettes de soleil, cr\u00e8me solaire, v\u00eatements et chaussures appropri\u00e9s. Trousse de premier secours, boussole, GPS, couteau suisse, lampe de poche, portable (bien que le r\u00e9seau ne soit pas disponible sur quelques zones de l\u2019int\u00e9rieur des terres) et guide des parcours. Appareil photo, jumelles et\/ou loupe. Eau, repas l\u00e9gers, barres [&hellip;]","og_url":"https:\/\/conhecer.cm-tavira.pt\/conselhos-antes-de-partir\/","og_site_name":"Percursos Digitais Tavira","article_modified_time":"2022-10-20T13:44:17+00:00","twitter_card":"summary_large_image","twitter_misc":{"Dur\u00e9e de lecture estim\u00e9e":"1 minute"},"schema":{"@context":"https:\/\/schema.org","@graph":[{"@type":"WebPage","@id":"https:\/\/conhecer.cm-tavira.pt\/conselhos-antes-de-partir\/","url":"https:\/\/conhecer.cm-tavira.pt\/conselhos-antes-de-partir\/","name":"Conseils avant de partir - Percursos Digitais Tavira","isPartOf":{"@id":"https:\/\/conhecer.cm-tavira.pt\/#website"},"datePublished":"2022-07-15T15:02:26+00:00","dateModified":"2022-10-20T13:44:17+00:00","breadcrumb":{"@id":"https:\/\/conhecer.cm-tavira.pt\/conselhos-antes-de-partir\/#breadcrumb"},"inLanguage":"fr-FR","potentialAction":[{"@type":"ReadAction","target":["https:\/\/conhecer.cm-tavira.pt\/conselhos-antes-de-partir\/"]}]},{"@type":"BreadcrumbList","@id":"https:\/\/conhecer.cm-tavira.pt\/conselhos-antes-de-partir\/#breadcrumb","itemListElement":[{"@type":"ListItem","position":1,"name":"Home","item":"https:\/\/conhecer.cm-tavira.pt\/fr\/"},{"@type":"ListItem","position":2,"name":"Conseils avant de partir"}]},{"@type":"WebSite","@id":"https:\/\/conhecer.cm-tavira.pt\/#website","url":"https:\/\/conhecer.cm-tavira.pt\/","name":"Percursos Digitais Tavira","description":"Percursos Digitais Tavira","publisher":{"@id":"https:\/\/conhecer.cm-tavira.pt\/#organization"},"potentialAction":[{"@type":"SearchAction","target":{"@type":"EntryPoint","urlTemplate":"https:\/\/conhecer.cm-tavira.pt\/?s={search_term_string}"},"query-input":{"@type":"PropertyValueSpecification","valueRequired":true,"valueName":"search_term_string"}}],"inLanguage":"fr-FR"},{"@type":"Organization","@id":"https:\/\/conhecer.cm-tavira.pt\/#organization","name":"Percursos Digitais Tavira","url":"https:\/\/conhecer.cm-tavira.pt\/","logo":{"@type":"ImageObject","inLanguage":"fr-FR","@id":"https:\/\/conhecer.cm-tavira.pt\/#\/schema\/logo\/image\/","url":"https:\/\/conhecer.cm-tavira.pt\/wp-content\/uploads\/2021\/11\/logo.svg","contentUrl":"https:\/\/conhecer.cm-tavira.pt\/wp-content\/uploads\/2021\/11\/logo.svg","caption":"Percursos Digitais Tavira"},"image":{"@id":"https:\/\/conhecer.cm-tavira.pt\/#\/schema\/logo\/image\/"}}]}},"_links":{"self":[{"href":"https:\/\/conhecer.cm-tavira.pt\/fr\/wp-json\/wp\/v2\/pages\/1673","targetHints":{"allow":["GET"]}}],"collection":[{"href":"https:\/\/conhecer.cm-tavira.pt\/fr\/wp-json\/wp\/v2\/pages"}],"about":[{"href":"https:\/\/conhecer.cm-tavira.pt\/fr\/wp-json\/wp\/v2\/types\/page"}],"author":[{"embeddable":true,"href":"https:\/\/conhecer.cm-tavira.pt\/fr\/wp-json\/wp\/v2\/users\/9"}],"replies":[{"embeddable":true,"href":"https:\/\/conhecer.cm-tavira.pt\/fr\/wp-json\/wp\/v2\/comments?post=1673"}],"version-history":[{"count":3,"href":"https:\/\/conhecer.cm-tavira.pt\/fr\/wp-json\/wp\/v2\/pages\/1673\/revisions"}],"predecessor-version":[{"id":1676,"href":"https:\/\/conhecer.cm-tavira.pt\/fr\/wp-json\/wp\/v2\/pages\/1673\/revisions\/1676"}],"wp:attachment":[{"href":"https:\/\/conhecer.cm-tavira.pt\/fr\/wp-json\/wp\/v2\/media?parent=1673"}],"curies":[{"name":"wp","href":"https:\/\/api.w.org\/{rel}","templated":true}]}}