{"id":1681,"date":"2022-07-15T14:59:35","date_gmt":"2022-07-15T14:59:35","guid":{"rendered":"https:\/\/percursos.cm-tavira.pt.144-91-91-53.www4.unykhost.com\/introduction\/"},"modified":"2022-10-20T13:48:35","modified_gmt":"2022-10-20T13:48:35","slug":"introduction","status":"publish","type":"page","link":"https:\/\/conhecer.cm-tavira.pt\/fr\/introduction\/","title":{"rendered":"Introduction"},"content":{"rendered":"\t\t<div data-elementor-type=\"wp-page\" data-elementor-id=\"1681\" class=\"elementor elementor-1681 elementor-340\" data-elementor-post-type=\"page\">\n\t\t\t\t\t\t<section class=\"elementor-section elementor-top-section elementor-element elementor-element-c588eff elementor-section-boxed elementor-section-height-default elementor-section-height-default\" data-id=\"c588eff\" data-element_type=\"section\">\n\t\t\t\t\t\t<div class=\"elementor-container elementor-column-gap-default\">\n\t\t\t\t\t<div class=\"elementor-column elementor-col-100 elementor-top-column elementor-element elementor-element-70e38e2\" data-id=\"70e38e2\" data-element_type=\"column\">\n\t\t\t<div class=\"elementor-widget-wrap elementor-element-populated\">\n\t\t\t\t\t\t<div class=\"elementor-element elementor-element-2735e43 elementor-widget elementor-widget-text-editor\" data-id=\"2735e43\" data-element_type=\"widget\" data-widget_type=\"text-editor.default\">\n\t\t\t\t<div class=\"elementor-widget-container\">\n\t\t\t<style>\/*! elementor - v3.19.0 - 07-02-2024 *\/\n.elementor-widget-text-editor.elementor-drop-cap-view-stacked .elementor-drop-cap{background-color:#69727d;color:#fff}.elementor-widget-text-editor.elementor-drop-cap-view-framed .elementor-drop-cap{color:#69727d;border:3px solid;background-color:transparent}.elementor-widget-text-editor:not(.elementor-drop-cap-view-default) .elementor-drop-cap{margin-top:8px}.elementor-widget-text-editor:not(.elementor-drop-cap-view-default) .elementor-drop-cap-letter{width:1em;height:1em}.elementor-widget-text-editor .elementor-drop-cap{float:left;text-align:center;line-height:1;font-size:50px}.elementor-widget-text-editor .elementor-drop-cap-letter{display:inline-block}<\/style>\t\t\t\t<p>La commune de Tavira s\u2019\u00e9tend sur une surface de 607 km2, dont 80% correspondent \u00e0 la r\u00e9gion montagneuse et au barrocal, une bande de terre entre la c\u00f4te et les montagnes. Le littoral poss\u00e8de un front de mer de 18 km constitu\u00e9 de plages de sable fin, situ\u00e9es en plein coeur du parc naturel de la Ria Formosa, une zone prot\u00e9g\u00e9e de grande valeur environnementale. Les caroubiers, les amandiers, les arbousiers et les vergers d\u2019agrumes ponctuent le paysage de la r\u00e9gion montagneuse et du barrocal. Les maisons aux lignes traditionnelles, les maisons circulaires commun\u00e9ment appel\u00e9es paillers, les fours \u00e0 bois et les moulins compl\u00e8tent le panorama. L\u2019histoire de Tavira remonte \u00e0 la nuit des temps. Les excavations men\u00e9es sur le lieu originel, la \u00abcoline g\u00e9n\u00e9tique\u00bb, ont permis d\u2019attester la pr\u00e9sence des Ph\u00e9niciens et d\u2019autres peuples de l\u2019antiquit\u00e9. L\u2019occupation musulmane a \u00e9galement laiss\u00e9 ses marques dans l\u2019agriculture, la culture et l\u2019urbanisme de la ville. Au XVIe si\u00e8cle, l\u2019importance strat\u00e9gique de Tavira \u00e9tait telle, qu\u2019elle \u00e9tait le principal port commercial et centre populationnel de l\u2019Algarve. Le titre de ville lui est conf\u00e9r\u00e9 en 1520. Tavira est une ville qui regorge d\u2019\u00e9glises, de couvents, de chapelles et ermitages; une localit\u00e9 travers\u00e9e par le fleuve Gil\u00e3o\/S\u00e9qua pleine de charme qui invite \u00e0 un voyage dans le temps, au gr\u00e9 d\u2019un climat doux.<\/p>\n<p>Tavira d\u00e9tient un vaste h\u00e9ritage. Il est fondamental de valoriser et de transmettre les traditions. L\u2019influence m\u00e9diterran\u00e9enne se d\u00e9note dans le climat, l\u2019\u00e9conomie, la culture et le style de vie caract\u00e9ristique de la Di\u00e8te M\u00e9diterran\u00e9enne, inscrite depuis 2013 au Patrimoine culturel immat\u00e9riel de l\u2019humanit\u00e9 de l\u2019UNESCO. Aujourd\u2019hui, Tavira respire histoire et culture, l\u2019expression d\u2019un v\u00e9cu mill\u00e9naire des peuples, c\u2019est pourquoi il est impossible de refuser de venir \u00e0 la d\u00e9couverte de l\u2019une des plus belles villes de la r\u00e9gion.<br \/>\nVenez d\u00e9couvrir notre histoire, notre culture, notre paysage, notre patrimoine et notre style de vie. Profitez de votre s\u00e9jour pour explorer les parcours que nous avons tout sp\u00e9cialement cr\u00e9\u00e9s pour vous!<\/p>\n\t\t\t\t\t\t<\/div>\n\t\t\t\t<\/div>\n\t\t\t\t\t<\/div>\n\t\t<\/div>\n\t\t\t\t\t<\/div>\n\t\t<\/section>\n\t\t\t\t<\/div>\n\t\t","protected":false},"excerpt":{"rendered":"<p>La commune de Tavira s\u2019\u00e9tend sur une surface de 607 km2, dont 80% correspondent \u00e0 la r\u00e9gion montagneuse et au barrocal, une bande de terre entre la c\u00f4te et les montagnes. Le littoral poss\u00e8de un front de mer de 18 km constitu\u00e9 de plages de sable fin, situ\u00e9es en plein coeur du parc naturel de [&hellip;]<\/p>\n","protected":false},"author":9,"featured_media":0,"parent":0,"menu_order":0,"comment_status":"closed","ping_status":"closed","template":"","meta":{"_acf_changed":false,"footnotes":""},"class_list":["post-1681","page","type-page","status-publish","hentry"],"acf":[],"yoast_head":"<!-- This site is optimized with the Yoast SEO plugin v24.7 - https:\/\/yoast.com\/wordpress\/plugins\/seo\/ -->\n<title>Introduction - Percursos Digitais Tavira<\/title>\n<meta name=\"robots\" content=\"noindex, follow, max-snippet:-1, max-image-preview:large, max-video-preview:-1\" \/>\n<meta property=\"og:locale\" content=\"fr_FR\" \/>\n<meta property=\"og:type\" content=\"article\" \/>\n<meta property=\"og:title\" content=\"Introduction - Percursos Digitais Tavira\" \/>\n<meta property=\"og:description\" content=\"La commune de Tavira s\u2019\u00e9tend sur une surface de 607 km2, dont 80% correspondent \u00e0 la r\u00e9gion montagneuse et au barrocal, une bande de terre entre la c\u00f4te et les montagnes. Le littoral poss\u00e8de un front de mer de 18 km constitu\u00e9 de plages de sable fin, situ\u00e9es en plein coeur du parc naturel de [&hellip;]\" \/>\n<meta property=\"og:url\" content=\"https:\/\/conhecer.cm-tavira.pt\/introducao\/\" \/>\n<meta property=\"og:site_name\" content=\"Percursos Digitais Tavira\" \/>\n<meta property=\"article:modified_time\" content=\"2022-10-20T13:48:35+00:00\" \/>\n<meta name=\"twitter:card\" content=\"summary_large_image\" \/>\n<meta name=\"twitter:label1\" content=\"Dur\u00e9e de lecture estim\u00e9e\" \/>\n\t<meta name=\"twitter:data1\" content=\"2 minutes\" \/>\n<script type=\"application\/ld+json\" class=\"yoast-schema-graph\">{\"@context\":\"https:\/\/schema.org\",\"@graph\":[{\"@type\":\"WebPage\",\"@id\":\"https:\/\/conhecer.cm-tavira.pt\/introducao\/\",\"url\":\"https:\/\/conhecer.cm-tavira.pt\/introducao\/\",\"name\":\"Introduction - Percursos Digitais Tavira\",\"isPartOf\":{\"@id\":\"https:\/\/conhecer.cm-tavira.pt\/#website\"},\"datePublished\":\"2022-07-15T14:59:35+00:00\",\"dateModified\":\"2022-10-20T13:48:35+00:00\",\"breadcrumb\":{\"@id\":\"https:\/\/conhecer.cm-tavira.pt\/introducao\/#breadcrumb\"},\"inLanguage\":\"fr-FR\",\"potentialAction\":[{\"@type\":\"ReadAction\",\"target\":[\"https:\/\/conhecer.cm-tavira.pt\/introducao\/\"]}]},{\"@type\":\"BreadcrumbList\",\"@id\":\"https:\/\/conhecer.cm-tavira.pt\/introducao\/#breadcrumb\",\"itemListElement\":[{\"@type\":\"ListItem\",\"position\":1,\"name\":\"Home\",\"item\":\"https:\/\/conhecer.cm-tavira.pt\/fr\/\"},{\"@type\":\"ListItem\",\"position\":2,\"name\":\"Introduction\"}]},{\"@type\":\"WebSite\",\"@id\":\"https:\/\/conhecer.cm-tavira.pt\/#website\",\"url\":\"https:\/\/conhecer.cm-tavira.pt\/\",\"name\":\"Percursos Digitais Tavira\",\"description\":\"Percursos Digitais Tavira\",\"publisher\":{\"@id\":\"https:\/\/conhecer.cm-tavira.pt\/#organization\"},\"potentialAction\":[{\"@type\":\"SearchAction\",\"target\":{\"@type\":\"EntryPoint\",\"urlTemplate\":\"https:\/\/conhecer.cm-tavira.pt\/?s={search_term_string}\"},\"query-input\":{\"@type\":\"PropertyValueSpecification\",\"valueRequired\":true,\"valueName\":\"search_term_string\"}}],\"inLanguage\":\"fr-FR\"},{\"@type\":\"Organization\",\"@id\":\"https:\/\/conhecer.cm-tavira.pt\/#organization\",\"name\":\"Percursos Digitais Tavira\",\"url\":\"https:\/\/conhecer.cm-tavira.pt\/\",\"logo\":{\"@type\":\"ImageObject\",\"inLanguage\":\"fr-FR\",\"@id\":\"https:\/\/conhecer.cm-tavira.pt\/#\/schema\/logo\/image\/\",\"url\":\"https:\/\/conhecer.cm-tavira.pt\/wp-content\/uploads\/2021\/11\/logo.svg\",\"contentUrl\":\"https:\/\/conhecer.cm-tavira.pt\/wp-content\/uploads\/2021\/11\/logo.svg\",\"caption\":\"Percursos Digitais Tavira\"},\"image\":{\"@id\":\"https:\/\/conhecer.cm-tavira.pt\/#\/schema\/logo\/image\/\"}}]}<\/script>\n<!-- \/ Yoast SEO plugin. -->","yoast_head_json":{"title":"Introduction - Percursos Digitais Tavira","robots":{"index":"noindex","follow":"follow","max-snippet":"max-snippet:-1","max-image-preview":"max-image-preview:large","max-video-preview":"max-video-preview:-1"},"og_locale":"fr_FR","og_type":"article","og_title":"Introduction - Percursos Digitais Tavira","og_description":"La commune de Tavira s\u2019\u00e9tend sur une surface de 607 km2, dont 80% correspondent \u00e0 la r\u00e9gion montagneuse et au barrocal, une bande de terre entre la c\u00f4te et les montagnes. Le littoral poss\u00e8de un front de mer de 18 km constitu\u00e9 de plages de sable fin, situ\u00e9es en plein coeur du parc naturel de [&hellip;]","og_url":"https:\/\/conhecer.cm-tavira.pt\/introducao\/","og_site_name":"Percursos Digitais Tavira","article_modified_time":"2022-10-20T13:48:35+00:00","twitter_card":"summary_large_image","twitter_misc":{"Dur\u00e9e de lecture estim\u00e9e":"2 minutes"},"schema":{"@context":"https:\/\/schema.org","@graph":[{"@type":"WebPage","@id":"https:\/\/conhecer.cm-tavira.pt\/introducao\/","url":"https:\/\/conhecer.cm-tavira.pt\/introducao\/","name":"Introduction - Percursos Digitais Tavira","isPartOf":{"@id":"https:\/\/conhecer.cm-tavira.pt\/#website"},"datePublished":"2022-07-15T14:59:35+00:00","dateModified":"2022-10-20T13:48:35+00:00","breadcrumb":{"@id":"https:\/\/conhecer.cm-tavira.pt\/introducao\/#breadcrumb"},"inLanguage":"fr-FR","potentialAction":[{"@type":"ReadAction","target":["https:\/\/conhecer.cm-tavira.pt\/introducao\/"]}]},{"@type":"BreadcrumbList","@id":"https:\/\/conhecer.cm-tavira.pt\/introducao\/#breadcrumb","itemListElement":[{"@type":"ListItem","position":1,"name":"Home","item":"https:\/\/conhecer.cm-tavira.pt\/fr\/"},{"@type":"ListItem","position":2,"name":"Introduction"}]},{"@type":"WebSite","@id":"https:\/\/conhecer.cm-tavira.pt\/#website","url":"https:\/\/conhecer.cm-tavira.pt\/","name":"Percursos Digitais Tavira","description":"Percursos Digitais Tavira","publisher":{"@id":"https:\/\/conhecer.cm-tavira.pt\/#organization"},"potentialAction":[{"@type":"SearchAction","target":{"@type":"EntryPoint","urlTemplate":"https:\/\/conhecer.cm-tavira.pt\/?s={search_term_string}"},"query-input":{"@type":"PropertyValueSpecification","valueRequired":true,"valueName":"search_term_string"}}],"inLanguage":"fr-FR"},{"@type":"Organization","@id":"https:\/\/conhecer.cm-tavira.pt\/#organization","name":"Percursos Digitais Tavira","url":"https:\/\/conhecer.cm-tavira.pt\/","logo":{"@type":"ImageObject","inLanguage":"fr-FR","@id":"https:\/\/conhecer.cm-tavira.pt\/#\/schema\/logo\/image\/","url":"https:\/\/conhecer.cm-tavira.pt\/wp-content\/uploads\/2021\/11\/logo.svg","contentUrl":"https:\/\/conhecer.cm-tavira.pt\/wp-content\/uploads\/2021\/11\/logo.svg","caption":"Percursos Digitais Tavira"},"image":{"@id":"https:\/\/conhecer.cm-tavira.pt\/#\/schema\/logo\/image\/"}}]}},"_links":{"self":[{"href":"https:\/\/conhecer.cm-tavira.pt\/fr\/wp-json\/wp\/v2\/pages\/1681","targetHints":{"allow":["GET"]}}],"collection":[{"href":"https:\/\/conhecer.cm-tavira.pt\/fr\/wp-json\/wp\/v2\/pages"}],"about":[{"href":"https:\/\/conhecer.cm-tavira.pt\/fr\/wp-json\/wp\/v2\/types\/page"}],"author":[{"embeddable":true,"href":"https:\/\/conhecer.cm-tavira.pt\/fr\/wp-json\/wp\/v2\/users\/9"}],"replies":[{"embeddable":true,"href":"https:\/\/conhecer.cm-tavira.pt\/fr\/wp-json\/wp\/v2\/comments?post=1681"}],"version-history":[{"count":1,"href":"https:\/\/conhecer.cm-tavira.pt\/fr\/wp-json\/wp\/v2\/pages\/1681\/revisions"}],"predecessor-version":[{"id":1682,"href":"https:\/\/conhecer.cm-tavira.pt\/fr\/wp-json\/wp\/v2\/pages\/1681\/revisions\/1682"}],"wp:attachment":[{"href":"https:\/\/conhecer.cm-tavira.pt\/fr\/wp-json\/wp\/v2\/media?parent=1681"}],"curies":[{"name":"wp","href":"https:\/\/api.w.org\/{rel}","templated":true}]}}