{"id":1727,"date":"2022-10-20T14:15:39","date_gmt":"2022-10-20T14:15:39","guid":{"rendered":"https:\/\/percursos.cm-tavira.pt.144-91-91-53.www4.unykhost.com\/politica-de-cookies\/"},"modified":"2022-10-20T15:56:35","modified_gmt":"2022-10-20T15:56:35","slug":"politica-de-cookies","status":"publish","type":"page","link":"https:\/\/conhecer.cm-tavira.pt\/fr\/politica-de-cookies\/","title":{"rendered":"Pol\u00edtica de Cookies"},"content":{"rendered":"\t\t<div data-elementor-type=\"wp-page\" data-elementor-id=\"1727\" class=\"elementor elementor-1727 elementor-1687\" data-elementor-post-type=\"page\">\n\t\t\t\t\t\t<section class=\"elementor-section elementor-top-section elementor-element elementor-element-c588eff elementor-section-boxed elementor-section-height-default elementor-section-height-default\" data-id=\"c588eff\" data-element_type=\"section\">\n\t\t\t\t\t\t<div class=\"elementor-container elementor-column-gap-default\">\n\t\t\t\t\t<div class=\"elementor-column elementor-col-100 elementor-top-column elementor-element elementor-element-70e38e2\" data-id=\"70e38e2\" data-element_type=\"column\">\n\t\t\t<div class=\"elementor-widget-wrap elementor-element-populated\">\n\t\t\t\t\t\t<div class=\"elementor-element elementor-element-2735e43 list elementor-widget elementor-widget-text-editor\" data-id=\"2735e43\" data-element_type=\"widget\" data-widget_type=\"text-editor.default\">\n\t\t\t\t<div class=\"elementor-widget-container\">\n\t\t\t<style>\/*! elementor - v3.19.0 - 07-02-2024 *\/\n.elementor-widget-text-editor.elementor-drop-cap-view-stacked .elementor-drop-cap{background-color:#69727d;color:#fff}.elementor-widget-text-editor.elementor-drop-cap-view-framed .elementor-drop-cap{color:#69727d;border:3px solid;background-color:transparent}.elementor-widget-text-editor:not(.elementor-drop-cap-view-default) .elementor-drop-cap{margin-top:8px}.elementor-widget-text-editor:not(.elementor-drop-cap-view-default) .elementor-drop-cap-letter{width:1em;height:1em}.elementor-widget-text-editor .elementor-drop-cap{float:left;text-align:center;line-height:1;font-size:50px}.elementor-widget-text-editor .elementor-drop-cap-letter{display:inline-block}<\/style>\t\t\t\t<p><strong style=\"background-color: var(--bs-body-bg); color: var(--bs-body-color); font-size: var(--bs-body-font-size); text-align: var(--bs-body-text-align);\">O que s\u00e3o cookies?<\/strong><\/p>\n<p>\u201cCookies\u201d s\u00e3o pequenas etiquetas de software que s\u00e3o armazenadas no seu computador atrav\u00e9s do navegador (browser), retendo apenas informa\u00e7\u00e3o relacionada com as suas prefer\u00eancias, n\u00e3o incluindo, como tal, os seus dados pessoais.<\/p>\n<p>\u00a0<\/p>\n<p><strong>Para que servem os Cookies?<\/strong><\/p>\n<p>Os cookies servem para ajudar a determinar a utilidade, interesse e o n\u00famero de utiliza\u00e7\u00f5es dos seus websites, permitindo uma navega\u00e7\u00e3o mais r\u00e1pida e eficiente, eliminando a necessidade de introduzir repetidamente as mesmas informa\u00e7\u00f5es.<\/p>\n<p>\u00a0<\/p>\n<p><strong>Que tipo de cookies utilizamos e para que fins?<\/strong><\/p>\n<p><strong>\u00a0<\/strong><\/p>\n<p><strong>Cookies permanentes<\/strong>: s\u00e3o cookies que ficam armazenados ao n\u00edvel do browser nos seus equipamentos de acesso (PC, mobile e tablet) e que s\u00e3o utilizados sempre que faz uma nova visita a um dos nossos websites. S\u00e3o utilizados, geralmente, para direcionar a navega\u00e7\u00e3o aos interesses do utilizador, permitindo-nos prestar um servi\u00e7o mais personalizado.<\/p>\n<p>\u00a0<\/p>\n<p><strong>Cookies de sess\u00e3o<\/strong>: s\u00e3o cookies tempor\u00e1rios que permanecem no arquivo de cookies do seu browser at\u00e9 sair do website. A informa\u00e7\u00e3o obtida por estes cookies serve para analisar padr\u00f5es de tr\u00e1fego na web, permitindo-nos identificar problemas e fornecer uma melhor experi\u00eancia de navega\u00e7\u00e3o.<\/p>\n<p>\u00a0<\/p>\n<p><strong>Cookies estritamente necess\u00e1rios<\/strong><\/p>\n<p>Permitem que navegue no website e utilize as suas aplica\u00e7\u00f5es, bem como aceder a \u00e1reas seguras do website. Sem estes cookies, os servi\u00e7os que tenha requerido n\u00e3o podem ser prestados.<\/p>\n<p>\u00a0<\/p>\n<p><strong>Cookies de Funcionalidade<\/strong><\/p>\n<p>Guardam as prefer\u00eancias do utilizador relativamente \u00e0 utiliza\u00e7\u00e3o do site, para que n\u00e3o seja necess\u00e1rio voltar a configurar o site cada vez que o visita.<\/p>\n<ul style=\"font-size: 16px; background-color: #ffffff;\">\n<li style=\"font-size: 16px;\">wp-wpml_current_language \/ 1 dia \/ WPML<\/li>\n<\/ul>\n<p>\u00a0<\/p>\n<p><strong>Cookies Anal\u00edticos<\/strong><\/p>\n<p>S\u00e3o utilizados anonimamente para efeitos de cria\u00e7\u00e3o e an\u00e1lise de estat\u00edsticas, no sentido de melhorar o funcionamento do website.<\/p>\n<ul>\n<li>_ga \/ 2 anos \/ Google Analytics<\/li>\n<li>\u00a0_gid \/ 1 dia \/ Google Analytics<\/li>\n<li>_gat \/ 1 minuto \/ Google Analytics<\/li>\n<\/ul>\n<p><strong>Como pode gerir os cookies?<\/strong><\/p>\n<p>Todos os browsers permitem ao utilizador aceitar, recusar ou apagar cookies, nomeadamente atrav\u00e9s da sele\u00e7\u00e3o das defini\u00e7\u00f5es apropriadas no respetivo navegador. Pode configurar os cookies no menu \u201cop\u00e7\u00f5es\u201d ou \u201cprefer\u00eancias\u201d do seu browser.<\/p>\n<p>\u00a0<\/p>\n<p>Note-se, no entanto, que, ao desativar cookies, pode impedir que alguns servi\u00e7os da web funcionem corretamente, afetando, parcial ou totalmente, a navega\u00e7\u00e3o no website.<\/p>\n\t\t\t\t\t\t<\/div>\n\t\t\t\t<\/div>\n\t\t\t\t\t<\/div>\n\t\t<\/div>\n\t\t\t\t\t<\/div>\n\t\t<\/section>\n\t\t\t\t<\/div>\n\t\t","protected":false},"excerpt":{"rendered":"<p>O que s\u00e3o cookies? \u201cCookies\u201d s\u00e3o pequenas etiquetas de software que s\u00e3o armazenadas no seu computador atrav\u00e9s do navegador (browser), retendo apenas informa\u00e7\u00e3o relacionada com as suas prefer\u00eancias, n\u00e3o incluindo, como tal, os seus dados pessoais. \u00a0 Para que servem os Cookies? Os cookies servem para ajudar a determinar a utilidade, interesse e o n\u00famero [&hellip;]<\/p>\n","protected":false},"author":9,"featured_media":0,"parent":0,"menu_order":0,"comment_status":"closed","ping_status":"closed","template":"","meta":{"_acf_changed":false,"footnotes":""},"class_list":["post-1727","page","type-page","status-publish","hentry"],"acf":[],"yoast_head":"<!-- This site is optimized with the Yoast SEO plugin v24.7 - https:\/\/yoast.com\/wordpress\/plugins\/seo\/ -->\n<title>Pol\u00edtica de Cookies - Percursos Digitais Tavira<\/title>\n<meta name=\"robots\" content=\"noindex, follow, max-snippet:-1, max-image-preview:large, max-video-preview:-1\" \/>\n<meta property=\"og:locale\" content=\"fr_FR\" \/>\n<meta property=\"og:type\" content=\"article\" \/>\n<meta property=\"og:title\" content=\"Pol\u00edtica de Cookies - Percursos Digitais Tavira\" \/>\n<meta property=\"og:description\" content=\"O que s\u00e3o cookies? \u201cCookies\u201d s\u00e3o pequenas etiquetas de software que s\u00e3o armazenadas no seu computador atrav\u00e9s do navegador (browser), retendo apenas informa\u00e7\u00e3o relacionada com as suas prefer\u00eancias, n\u00e3o incluindo, como tal, os seus dados pessoais. \u00a0 Para que servem os Cookies? Os cookies servem para ajudar a determinar a utilidade, interesse e o n\u00famero [&hellip;]\" \/>\n<meta property=\"og:url\" content=\"https:\/\/conhecer.cm-tavira.pt\/conselhos-antes-de-partir-2\/\" \/>\n<meta property=\"og:site_name\" content=\"Percursos Digitais Tavira\" \/>\n<meta property=\"article:modified_time\" content=\"2022-10-20T15:56:35+00:00\" \/>\n<meta name=\"twitter:card\" content=\"summary_large_image\" \/>\n<meta name=\"twitter:label1\" content=\"Dur\u00e9e de lecture estim\u00e9e\" \/>\n\t<meta name=\"twitter:data1\" content=\"2 minutes\" \/>\n<script type=\"application\/ld+json\" class=\"yoast-schema-graph\">{\"@context\":\"https:\/\/schema.org\",\"@graph\":[{\"@type\":\"WebPage\",\"@id\":\"https:\/\/conhecer.cm-tavira.pt\/conselhos-antes-de-partir-2\/\",\"url\":\"https:\/\/conhecer.cm-tavira.pt\/conselhos-antes-de-partir-2\/\",\"name\":\"Pol\u00edtica de Cookies - Percursos Digitais Tavira\",\"isPartOf\":{\"@id\":\"https:\/\/conhecer.cm-tavira.pt\/#website\"},\"datePublished\":\"2022-10-20T14:15:39+00:00\",\"dateModified\":\"2022-10-20T15:56:35+00:00\",\"breadcrumb\":{\"@id\":\"https:\/\/conhecer.cm-tavira.pt\/conselhos-antes-de-partir-2\/#breadcrumb\"},\"inLanguage\":\"fr-FR\",\"potentialAction\":[{\"@type\":\"ReadAction\",\"target\":[\"https:\/\/conhecer.cm-tavira.pt\/conselhos-antes-de-partir-2\/\"]}]},{\"@type\":\"BreadcrumbList\",\"@id\":\"https:\/\/conhecer.cm-tavira.pt\/conselhos-antes-de-partir-2\/#breadcrumb\",\"itemListElement\":[{\"@type\":\"ListItem\",\"position\":1,\"name\":\"Home\",\"item\":\"https:\/\/conhecer.cm-tavira.pt\/fr\/\"},{\"@type\":\"ListItem\",\"position\":2,\"name\":\"Pol\u00edtica de Cookies\"}]},{\"@type\":\"WebSite\",\"@id\":\"https:\/\/conhecer.cm-tavira.pt\/#website\",\"url\":\"https:\/\/conhecer.cm-tavira.pt\/\",\"name\":\"Percursos Digitais Tavira\",\"description\":\"Percursos Digitais Tavira\",\"publisher\":{\"@id\":\"https:\/\/conhecer.cm-tavira.pt\/#organization\"},\"potentialAction\":[{\"@type\":\"SearchAction\",\"target\":{\"@type\":\"EntryPoint\",\"urlTemplate\":\"https:\/\/conhecer.cm-tavira.pt\/?s={search_term_string}\"},\"query-input\":{\"@type\":\"PropertyValueSpecification\",\"valueRequired\":true,\"valueName\":\"search_term_string\"}}],\"inLanguage\":\"fr-FR\"},{\"@type\":\"Organization\",\"@id\":\"https:\/\/conhecer.cm-tavira.pt\/#organization\",\"name\":\"Percursos Digitais Tavira\",\"url\":\"https:\/\/conhecer.cm-tavira.pt\/\",\"logo\":{\"@type\":\"ImageObject\",\"inLanguage\":\"fr-FR\",\"@id\":\"https:\/\/conhecer.cm-tavira.pt\/#\/schema\/logo\/image\/\",\"url\":\"https:\/\/conhecer.cm-tavira.pt\/wp-content\/uploads\/2021\/11\/logo.svg\",\"contentUrl\":\"https:\/\/conhecer.cm-tavira.pt\/wp-content\/uploads\/2021\/11\/logo.svg\",\"caption\":\"Percursos Digitais Tavira\"},\"image\":{\"@id\":\"https:\/\/conhecer.cm-tavira.pt\/#\/schema\/logo\/image\/\"}}]}<\/script>\n<!-- \/ Yoast SEO plugin. -->","yoast_head_json":{"title":"Pol\u00edtica de Cookies - Percursos Digitais Tavira","robots":{"index":"noindex","follow":"follow","max-snippet":"max-snippet:-1","max-image-preview":"max-image-preview:large","max-video-preview":"max-video-preview:-1"},"og_locale":"fr_FR","og_type":"article","og_title":"Pol\u00edtica de Cookies - Percursos Digitais Tavira","og_description":"O que s\u00e3o cookies? \u201cCookies\u201d s\u00e3o pequenas etiquetas de software que s\u00e3o armazenadas no seu computador atrav\u00e9s do navegador (browser), retendo apenas informa\u00e7\u00e3o relacionada com as suas prefer\u00eancias, n\u00e3o incluindo, como tal, os seus dados pessoais. \u00a0 Para que servem os Cookies? Os cookies servem para ajudar a determinar a utilidade, interesse e o n\u00famero [&hellip;]","og_url":"https:\/\/conhecer.cm-tavira.pt\/conselhos-antes-de-partir-2\/","og_site_name":"Percursos Digitais Tavira","article_modified_time":"2022-10-20T15:56:35+00:00","twitter_card":"summary_large_image","twitter_misc":{"Dur\u00e9e de lecture estim\u00e9e":"2 minutes"},"schema":{"@context":"https:\/\/schema.org","@graph":[{"@type":"WebPage","@id":"https:\/\/conhecer.cm-tavira.pt\/conselhos-antes-de-partir-2\/","url":"https:\/\/conhecer.cm-tavira.pt\/conselhos-antes-de-partir-2\/","name":"Pol\u00edtica de Cookies - Percursos Digitais Tavira","isPartOf":{"@id":"https:\/\/conhecer.cm-tavira.pt\/#website"},"datePublished":"2022-10-20T14:15:39+00:00","dateModified":"2022-10-20T15:56:35+00:00","breadcrumb":{"@id":"https:\/\/conhecer.cm-tavira.pt\/conselhos-antes-de-partir-2\/#breadcrumb"},"inLanguage":"fr-FR","potentialAction":[{"@type":"ReadAction","target":["https:\/\/conhecer.cm-tavira.pt\/conselhos-antes-de-partir-2\/"]}]},{"@type":"BreadcrumbList","@id":"https:\/\/conhecer.cm-tavira.pt\/conselhos-antes-de-partir-2\/#breadcrumb","itemListElement":[{"@type":"ListItem","position":1,"name":"Home","item":"https:\/\/conhecer.cm-tavira.pt\/fr\/"},{"@type":"ListItem","position":2,"name":"Pol\u00edtica de Cookies"}]},{"@type":"WebSite","@id":"https:\/\/conhecer.cm-tavira.pt\/#website","url":"https:\/\/conhecer.cm-tavira.pt\/","name":"Percursos Digitais Tavira","description":"Percursos Digitais Tavira","publisher":{"@id":"https:\/\/conhecer.cm-tavira.pt\/#organization"},"potentialAction":[{"@type":"SearchAction","target":{"@type":"EntryPoint","urlTemplate":"https:\/\/conhecer.cm-tavira.pt\/?s={search_term_string}"},"query-input":{"@type":"PropertyValueSpecification","valueRequired":true,"valueName":"search_term_string"}}],"inLanguage":"fr-FR"},{"@type":"Organization","@id":"https:\/\/conhecer.cm-tavira.pt\/#organization","name":"Percursos Digitais Tavira","url":"https:\/\/conhecer.cm-tavira.pt\/","logo":{"@type":"ImageObject","inLanguage":"fr-FR","@id":"https:\/\/conhecer.cm-tavira.pt\/#\/schema\/logo\/image\/","url":"https:\/\/conhecer.cm-tavira.pt\/wp-content\/uploads\/2021\/11\/logo.svg","contentUrl":"https:\/\/conhecer.cm-tavira.pt\/wp-content\/uploads\/2021\/11\/logo.svg","caption":"Percursos Digitais Tavira"},"image":{"@id":"https:\/\/conhecer.cm-tavira.pt\/#\/schema\/logo\/image\/"}}]}},"_links":{"self":[{"href":"https:\/\/conhecer.cm-tavira.pt\/fr\/wp-json\/wp\/v2\/pages\/1727","targetHints":{"allow":["GET"]}}],"collection":[{"href":"https:\/\/conhecer.cm-tavira.pt\/fr\/wp-json\/wp\/v2\/pages"}],"about":[{"href":"https:\/\/conhecer.cm-tavira.pt\/fr\/wp-json\/wp\/v2\/types\/page"}],"author":[{"embeddable":true,"href":"https:\/\/conhecer.cm-tavira.pt\/fr\/wp-json\/wp\/v2\/users\/9"}],"replies":[{"embeddable":true,"href":"https:\/\/conhecer.cm-tavira.pt\/fr\/wp-json\/wp\/v2\/comments?post=1727"}],"version-history":[{"count":1,"href":"https:\/\/conhecer.cm-tavira.pt\/fr\/wp-json\/wp\/v2\/pages\/1727\/revisions"}],"predecessor-version":[{"id":1728,"href":"https:\/\/conhecer.cm-tavira.pt\/fr\/wp-json\/wp\/v2\/pages\/1727\/revisions\/1728"}],"wp:attachment":[{"href":"https:\/\/conhecer.cm-tavira.pt\/fr\/wp-json\/wp\/v2\/media?parent=1727"}],"curies":[{"name":"wp","href":"https:\/\/api.w.org\/{rel}","templated":true}]}}